{"id":17,"date":"2022-07-27T18:13:35","date_gmt":"2022-07-27T16:13:35","guid":{"rendered":"http:\/\/globees.fr\/?page_id=17"},"modified":"2022-07-28T22:19:46","modified_gmt":"2022-07-28T20:19:46","slug":"mentions-legales","status":"publish","type":"page","link":"https:\/\/globees.fr\/fr\/mentions-legales\/","title":{"rendered":"Mentions l\u00e9gales"},"content":{"rendered":"<p>La soci\u00e9t\u00e9 GLOBEES SAS au capital de 10.000 euros, 43B avenue Vladimir Illitch Lenine, 92000 Nanterre, Num\u00e9ro d\u2019immatriculation 917 849 382 R.C.S. Nanterre, est \u00e9ditrice du site https:\/\/www.globees.fr<br \/><br \/>Contact: <a href=\"mailto:globees.fr@gmail.com\" target=\"_blank\" rel=\"noopener\">contact@globees.fr<\/a><\/p>\r\n<ul>\r\n<li>H\u00c9BERGEMENT OVH SAS: Si\u00e8ge social : 2 rue Kellermann - 59100 Roubaix - France<\/li>\r\n<li>CONCEPTION ET CR\u00c9ATION DU SITE : Millastudio - https:\/\/millastudio.fr\/<\/li>\r\n<li>Directeur de publication : Hakim Korso Tlemsani<\/li>\r\n<\/ul>\r\n\r\n\r\n\r\n\r\n\r\n<h3>Conditions d'utilisation du site Internet www.globees.fr:<\/h3>\r\n<p>Le site et chacun des \u00e9l\u00e9ments, y compris mais sans limitation les marques, les logos, ic\u00f4nes, infographies, photographies, qui le composent sont prot\u00e9g\u00e9s au titre de la l\u00e9gislation internationale de la propri\u00e9t\u00e9 intellectuelle. Les contenus figurant sur le site sont la propri\u00e9t\u00e9 de Globees SAS. Toute utilisation, reproduction ou repr\u00e9sentation, par quelque proc\u00e9d\u00e9 que ce soit, et sur quelque support que ce soit, de tout ou partie du site et\/ou des \u00e9l\u00e9ments qui le composent n'est pas autoris\u00e9e sans le consentement expresse de Globees SAS.<br \/>La marque Globees, son logo, et toutes les autres marques Globees qui figurent sur le pr\u00e9sent site internet sont des marques enregistr\u00e9es, dont le titulaire est la soci\u00e9t\u00e9 GLOBEES SAS. Toutes les autres marques qui figurent sur le pr\u00e9sent site internet sont la propri\u00e9t\u00e9 de leurs titulaires respectifs.<\/p>\r\n<h3><br \/>Donn\u00e9es personnelles<\/h3>\r\n<p>D'une fa\u00e7on g\u00e9n\u00e9rale, vous pouvez visiter notre site sur Internet sans avoir \u00e0 d\u00e9cliner votre identit\u00e9 et \u00e0 fournir des informations personnelles vous concernant. Cependant, nous pouvons parfois vous demander des informations. Par exemple, pour \u00e9tablir une correspondance, soumettre une candidature \u00e0 un poste,...<br \/>Nous pouvons compl\u00e9ter ces informations pour conclure une transaction ou offrir un meilleur service.<\/p>\r\n<p>&nbsp;<\/p>\r\n<p>&nbsp;<\/p>","protected":false},"excerpt":{"rendered":"<p>The company GLOBEES SAS with a capital of 10,000 euros, 43B avenue Vladimir Illitch Lenine, 92000 Nanterre, Registration number 917 849 382 R.C.S. Nanterre, is Editor of the website https:\/\/www.globees.fr Contact: contact@globees.fr ACCOMMODATION: OVH SAS: Head office: 2 rue Kellermann &#8211; 59100 Roubaix &#8211; France DESIGN AND CREATION OF THE SITE: Milla Studio &#8211; https:\/\/millastudio.fr\/ [&hellip;]<\/p>","protected":false},"author":1,"featured_media":0,"parent":0,"menu_order":0,"comment_status":"closed","ping_status":"closed","template":"","meta":{"footnotes":""},"class_list":["post-17","page","type-page","status-publish","hentry"],"yoast_head":"<!-- This site is optimized with the Yoast SEO plugin v20.13 - https:\/\/yoast.com\/wordpress\/plugins\/seo\/ -->\n<title>Policy - Globees<\/title>\n<meta name=\"robots\" content=\"index, follow, max-snippet:-1, max-image-preview:large, max-video-preview:-1\" \/>\n<link rel=\"canonical\" href=\"https:\/\/globees.fr\/fr\/mentions-legales\/\" \/>\n<meta property=\"og:locale\" content=\"fr_FR\" \/>\n<meta property=\"og:type\" content=\"article\" \/>\n<meta property=\"og:title\" content=\"Policy - Globees\" \/>\n<meta property=\"og:description\" content=\"The company GLOBEES SAS with a capital of 10,000 euros, 43B avenue Vladimir Illitch Lenine, 92000 Nanterre, Registration number 917 849 382 R.C.S. Nanterre, is Editor of the website https:\/\/www.globees.fr Contact: contact@globees.fr ACCOMMODATION: OVH SAS: Head office: 2 rue Kellermann &#8211; 59100 Roubaix &#8211; France DESIGN AND CREATION OF THE SITE: Milla Studio &#8211; https:\/\/millastudio.fr\/ [&hellip;]\" \/>\n<meta property=\"og:url\" content=\"https:\/\/globees.fr\/fr\/mentions-legales\/\" \/>\n<meta property=\"og:site_name\" content=\"Globees\" \/>\n<meta property=\"article:modified_time\" content=\"2022-07-28T20:19:46+00:00\" \/>\n<meta property=\"og:image\" content=\"https:\/\/globees.fr\/wp-content\/uploads\/2022\/10\/globees.jpg\" \/>\n\t<meta property=\"og:image:width\" content=\"500\" \/>\n\t<meta property=\"og:image:height\" content=\"300\" \/>\n\t<meta property=\"og:image:type\" content=\"image\/jpeg\" \/>\n<meta name=\"twitter:card\" content=\"summary_large_image\" \/>\n<meta name=\"twitter:label1\" content=\"Dur\u00e9e de lecture estim\u00e9e\" \/>\n\t<meta name=\"twitter:data1\" content=\"2 minutes\" \/>\n<script type=\"application\/ld+json\" class=\"yoast-schema-graph\">{\"@context\":\"https:\/\/schema.org\",\"@graph\":[{\"@type\":\"WebPage\",\"@id\":\"https:\/\/globees.fr\/mentions-legales\/\",\"url\":\"https:\/\/globees.fr\/mentions-legales\/\",\"name\":\"Policy - Globees\",\"isPartOf\":{\"@id\":\"https:\/\/globees.fr\/#website\"},\"datePublished\":\"2022-07-27T16:13:35+00:00\",\"dateModified\":\"2022-07-28T20:19:46+00:00\",\"breadcrumb\":{\"@id\":\"https:\/\/globees.fr\/mentions-legales\/#breadcrumb\"},\"inLanguage\":\"fr-FR\",\"potentialAction\":[{\"@type\":\"ReadAction\",\"target\":[\"https:\/\/globees.fr\/mentions-legales\/\"]}]},{\"@type\":\"BreadcrumbList\",\"@id\":\"https:\/\/globees.fr\/mentions-legales\/#breadcrumb\",\"itemListElement\":[{\"@type\":\"ListItem\",\"position\":1,\"name\":\"Accueil\",\"item\":\"https:\/\/globees.fr\/\"},{\"@type\":\"ListItem\",\"position\":2,\"name\":\"Policy\"}]},{\"@type\":\"WebSite\",\"@id\":\"https:\/\/globees.fr\/#website\",\"url\":\"https:\/\/globees.fr\/\",\"name\":\"Globees\",\"description\":\"A place to bee\",\"publisher\":{\"@id\":\"https:\/\/globees.fr\/#organization\"},\"potentialAction\":[{\"@type\":\"SearchAction\",\"target\":{\"@type\":\"EntryPoint\",\"urlTemplate\":\"https:\/\/globees.fr\/?s={search_term_string}\"},\"query-input\":\"required name=search_term_string\"}],\"inLanguage\":\"fr-FR\"},{\"@type\":\"Organization\",\"@id\":\"https:\/\/globees.fr\/#organization\",\"name\":\"Globees\",\"url\":\"https:\/\/globees.fr\/\",\"logo\":{\"@type\":\"ImageObject\",\"inLanguage\":\"fr-FR\",\"@id\":\"https:\/\/globees.fr\/#\/schema\/logo\/image\/\",\"url\":\"https:\/\/globees.fr\/wp-content\/uploads\/2022\/07\/cropped-globees_blanc-jaune.png\",\"contentUrl\":\"https:\/\/globees.fr\/wp-content\/uploads\/2022\/07\/cropped-globees_blanc-jaune.png\",\"width\":500,\"height\":136,\"caption\":\"Globees\"},\"image\":{\"@id\":\"https:\/\/globees.fr\/#\/schema\/logo\/image\/\"}}]}<\/script>\n<!-- \/ Yoast SEO plugin. -->","yoast_head_json":{"title":"Policy - Globees","robots":{"index":"index","follow":"follow","max-snippet":"max-snippet:-1","max-image-preview":"max-image-preview:large","max-video-preview":"max-video-preview:-1"},"canonical":"https:\/\/globees.fr\/fr\/mentions-legales\/","og_locale":"fr_FR","og_type":"article","og_title":"Policy - Globees","og_description":"The company GLOBEES SAS with a capital of 10,000 euros, 43B avenue Vladimir Illitch Lenine, 92000 Nanterre, Registration number 917 849 382 R.C.S. Nanterre, is Editor of the website https:\/\/www.globees.fr Contact: contact@globees.fr ACCOMMODATION: OVH SAS: Head office: 2 rue Kellermann &#8211; 59100 Roubaix &#8211; France DESIGN AND CREATION OF THE SITE: Milla Studio &#8211; https:\/\/millastudio.fr\/ [&hellip;]","og_url":"https:\/\/globees.fr\/fr\/mentions-legales\/","og_site_name":"Globees","article_modified_time":"2022-07-28T20:19:46+00:00","og_image":[{"width":500,"height":300,"url":"https:\/\/globees.fr\/wp-content\/uploads\/2022\/10\/globees.jpg","type":"image\/jpeg"}],"twitter_card":"summary_large_image","twitter_misc":{"Dur\u00e9e de lecture estim\u00e9e":"2 minutes"},"schema":{"@context":"https:\/\/schema.org","@graph":[{"@type":"WebPage","@id":"https:\/\/globees.fr\/mentions-legales\/","url":"https:\/\/globees.fr\/mentions-legales\/","name":"Policy - Globees","isPartOf":{"@id":"https:\/\/globees.fr\/#website"},"datePublished":"2022-07-27T16:13:35+00:00","dateModified":"2022-07-28T20:19:46+00:00","breadcrumb":{"@id":"https:\/\/globees.fr\/mentions-legales\/#breadcrumb"},"inLanguage":"fr-FR","potentialAction":[{"@type":"ReadAction","target":["https:\/\/globees.fr\/mentions-legales\/"]}]},{"@type":"BreadcrumbList","@id":"https:\/\/globees.fr\/mentions-legales\/#breadcrumb","itemListElement":[{"@type":"ListItem","position":1,"name":"Accueil","item":"https:\/\/globees.fr\/"},{"@type":"ListItem","position":2,"name":"Policy"}]},{"@type":"WebSite","@id":"https:\/\/globees.fr\/#website","url":"https:\/\/globees.fr\/","name":"Globees","description":"A place to bee","publisher":{"@id":"https:\/\/globees.fr\/#organization"},"potentialAction":[{"@type":"SearchAction","target":{"@type":"EntryPoint","urlTemplate":"https:\/\/globees.fr\/?s={search_term_string}"},"query-input":"required name=search_term_string"}],"inLanguage":"fr-FR"},{"@type":"Organization","@id":"https:\/\/globees.fr\/#organization","name":"Globees","url":"https:\/\/globees.fr\/","logo":{"@type":"ImageObject","inLanguage":"fr-FR","@id":"https:\/\/globees.fr\/#\/schema\/logo\/image\/","url":"https:\/\/globees.fr\/wp-content\/uploads\/2022\/07\/cropped-globees_blanc-jaune.png","contentUrl":"https:\/\/globees.fr\/wp-content\/uploads\/2022\/07\/cropped-globees_blanc-jaune.png","width":500,"height":136,"caption":"Globees"},"image":{"@id":"https:\/\/globees.fr\/#\/schema\/logo\/image\/"}}]}},"_links":{"self":[{"href":"https:\/\/globees.fr\/fr\/wp-json\/wp\/v2\/pages\/17","targetHints":{"allow":["GET"]}}],"collection":[{"href":"https:\/\/globees.fr\/fr\/wp-json\/wp\/v2\/pages"}],"about":[{"href":"https:\/\/globees.fr\/fr\/wp-json\/wp\/v2\/types\/page"}],"author":[{"embeddable":true,"href":"https:\/\/globees.fr\/fr\/wp-json\/wp\/v2\/users\/1"}],"replies":[{"embeddable":true,"href":"https:\/\/globees.fr\/fr\/wp-json\/wp\/v2\/comments?post=17"}],"version-history":[{"count":8,"href":"https:\/\/globees.fr\/fr\/wp-json\/wp\/v2\/pages\/17\/revisions"}],"predecessor-version":[{"id":23595,"href":"https:\/\/globees.fr\/fr\/wp-json\/wp\/v2\/pages\/17\/revisions\/23595"}],"wp:attachment":[{"href":"https:\/\/globees.fr\/fr\/wp-json\/wp\/v2\/media?parent=17"}],"curies":[{"name":"wp","href":"https:\/\/api.w.org\/{rel}","templated":true}]}}